{"id":31,"date":"2018-07-08T03:16:09","date_gmt":"2018-07-08T03:16:09","guid":{"rendered":"http:\/\/tf.themedraft.com\/wp\/xzopro\/?page_id=31"},"modified":"2025-08-07T19:38:33","modified_gmt":"2025-08-07T19:38:33","slug":"about-us","status":"publish","type":"page","link":"https:\/\/accountric-ks.com\/sq\/about-us\/","title":{"rendered":"Rreth Nesh"},"content":{"rendered":"<div class=\"wpb-content-wrapper\"><div data-vc-full-width=\"true\" data-vc-full-width-init=\"false\" class=\"vc_row wpb_row vc_row-fluid vc_custom_1534942783644\"><div class=\"wpb_column vc_column_container vc_col-sm-12\"><div class=\"vc_column-inner\"><div class=\"wpb_wrapper\">\n        <div class=\"twbi-wrapper\">        \n            <div class=\"row\">        \n                    <div class=\"col-lg-6 col-md-6\">\n                        <div class=\"border-image-wrap img-left\">\n                            <div class=\"border-image-wrap-border\" style=\"background: #0a6db7\"><\/div>\n                            <img decoding=\"async\" src=\"https:\/\/accountric-ks.com\/wp-content\/uploads\/2025\/08\/WhatsApp-Image-2025-07-29-at-18.39.46_7157afe8-530x355.jpg\" alt=\"\">\n                        <\/div>\n                    <\/div>\n                <div class=\"col-lg-6 col-md-6\">\n                    <div class=\"twbi-text\">\n                        <h1 style=\"color:#0a6db7\">Accountric \u2013 Qendra e Kontabilitetit dhe Konsulenc\u00ebs<\/h1>\n                        <\/p>\n<p data-start=\"164\" data-end=\"300\"><strong data-start=\"164\" data-end=\"185\">Accountric Sh.P.K<\/strong>, me nj\u00eb ekip profesionist\u00ebsh t\u00eb certifikuar dhe me p\u00ebrvoj\u00eb, ofron sh\u00ebrbime kontabiliteti, tatimore dhe konsulence biznesi.<\/p>\n<p data-start=\"164\" data-end=\"300\">E themeluar nga ekspert\u00eb me p\u00ebrvoj\u00eb n\u00eb fush\u00ebn e financave, Accountric ofron zgjidhje me kosto t\u00eb p\u00ebrballueshme, t\u00eb dizajnuara p\u00ebr t\u00eb p\u00ebrmbushur t\u00eb gjitha nevojat e biznesit tuaj n\u00eb nj\u00eb vend.<\/p>\n<p data-start=\"164\" data-end=\"300\">Misioni yn\u00eb \u00ebsht\u00eb t\u00eb ofrojm\u00eb sh\u00ebrbime t\u00eb cil\u00ebsis\u00eb s\u00eb lart\u00eb dhe informacione t\u00eb sakta e t\u00eb besueshme p\u00ebr klient\u00ebt tan\u00eb, duke i ndihmuar ata t\u00eb gjejn\u00eb zgjidhje t\u00eb shpejta dhe efektive q\u00eb i p\u00ebrmbushin me efikasitet k\u00ebrkesat e biznesit t\u00eb tyre.<\/p>\n<p data-start=\"164\" data-end=\"300\">Si pjes\u00eb e ekipit t\u00eb Accountric, secili nga profesionist\u00ebt tan\u00eb \u00ebsht\u00eb i p\u00ebrkushtuar ndaj p\u00ebrsosm\u00ebris\u00eb n\u00eb sh\u00ebrbimin ndaj klientit. Ne udh\u00ebhiqemi nga nj\u00eb grup vlerash thelb\u00ebsore p\u00ebr t\u00eb siguruar nj\u00eb p\u00ebrvoj\u00eb pozitive dhe t\u00eb besueshme p\u00ebr \u00e7do klient.<\/p>\n<p>\n                    <\/div>\n                <\/div>\n            <\/div>\n        <\/div>\n    <\/div><\/div><\/div><\/div><div class=\"vc_row-full-width vc_clearfix\"><\/div><div data-vc-full-width=\"true\" data-vc-full-width-init=\"false\" class=\"vc_row wpb_row vc_row-fluid vc_custom_1535107221844 vc_row-has-fill\"><div class=\"wpb_column vc_column_container vc_col-sm-6\"><div class=\"vc_column-inner\"><div class=\"wpb_wrapper\">\n        <div class=\"twb-wrapper\">\n            <h1 style=\"color: #0a6db7\">Pse t\u00eb bashkpunojm\u00eb?<\/h1>\n            <div class=\"twb-content-text\" style=\"color: #505050\">\n                <\/p>\n<p data-start=\"136\" data-end=\"442\">Ajo q\u00eb na dallon nga konkurrenca \u00ebsht\u00eb kujdesi yn\u00eb i personalizuar ndaj biznesit tuaj. Ekipi yn\u00eb p\u00ebrb\u00ebhet nga profesionist\u00eb t\u00eb orientuar drejt klientit, t\u00eb p\u00ebrkushtuar p\u00ebr t\u00eb kuptuar dhe mb\u00ebshtetur nevojat tuaja specifike. Ne veprojm\u00eb si nj\u00eb zgjatim i biznesit tuaj \u2014 jo thjesht si nj\u00eb ofrues tjet\u00ebr sh\u00ebrbimesh si shum\u00eb t\u00eb tjer\u00eb.<\/p>\n<p data-start=\"444\" data-end=\"779\">Ne kujdesemi p\u00ebr nevojat tuaja financiare, kontab\u00ebl dhe tatimore, n\u00eb m\u00ebnyr\u00eb q\u00eb ju t\u00eb mund t\u00eb fokusoheni n\u00eb rritjen e biznesit tuaj. Besojini ekipit ton\u00eb t\u00eb ekspert\u00ebve t\u00eb kontabilitetit p\u00ebr t\u2019ju udh\u00ebhequr dhe mb\u00ebshtetur n\u00eb operacionet tuaja financiare p\u00ebrmes sh\u00ebrbimeve tona gjith\u00ebp\u00ebrfshir\u00ebse, duke p\u00ebrfshir\u00eb kontabilitetin, p\u00ebrgatitjen e deklaratave tatimore, p\u00ebrpunimin e pagave, p\u00ebrgatitjen e pasqyrave financiare dhe m\u00eb shum\u00eb.<\/p>\n<p>\n            <\/div>\n            \n            <div class=\"twb-btn\">\n                 <a href=\"https:\/\/accountric-ks.com\/sq\/services\/\" class=\"xzopro-btn fill-btn\">Sh\u00ebrbimet Tona<\/a>\n            <\/div>\n           \n        <\/div>\n    <\/div><\/div><\/div><div class=\"wpb_column vc_column_container vc_col-sm-6\"><div class=\"vc_column-inner\"><div class=\"wpb_wrapper\">\n\t<div  class=\"wpb_single_image wpb_content_element vc_align_left wpb_content_element\">\n\t\t\n\t\t<figure class=\"wpb_wrapper vc_figure\">\n\t\t\t<div class=\"vc_single_image-wrapper   vc_box_border_grey\"><img loading=\"lazy\" decoding=\"async\" width=\"800\" height=\"500\" src=\"https:\/\/accountric-ks.com\/wp-content\/uploads\/2018\/08\/rfefefd.jpg\" class=\"vc_single_image-img attachment-full\" alt=\"\" title=\"rfefefd\" srcset=\"https:\/\/accountric-ks.com\/wp-content\/uploads\/2018\/08\/rfefefd.jpg 800w, https:\/\/accountric-ks.com\/wp-content\/uploads\/2018\/08\/rfefefd-300x188.jpg 300w, https:\/\/accountric-ks.com\/wp-content\/uploads\/2018\/08\/rfefefd-768x480.jpg 768w\" sizes=\"auto, (max-width: 800px) 100vw, 800px\" \/><\/div>\n\t\t<\/figure>\n\t<\/div>\n<\/div><\/div><\/div><\/div><div class=\"vc_row-full-width vc_clearfix\"><\/div>\n<\/div>","protected":false},"excerpt":{"rendered":"Accountric \u2013 Accounting and Consulting Center Accountric Sh.P.K, with a team of certified and experienced professionals, offers accounting, tax, and business consulting services. Founded by seasoned experts in the field of finance, Accountric provides cost-effective solutions designed to meet all your business needs in one place. Our mission is to deliver high-quality services and accurate, [...]","protected":false},"author":1,"featured_media":0,"parent":0,"menu_order":0,"comment_status":"closed","ping_status":"closed","template":"","meta":{"footnotes":""},"class_list":["post-31","page","type-page","status-publish","hentry"],"_links":{"self":[{"href":"https:\/\/accountric-ks.com\/sq\/wp-json\/wp\/v2\/pages\/31","targetHints":{"allow":["GET"]}}],"collection":[{"href":"https:\/\/accountric-ks.com\/sq\/wp-json\/wp\/v2\/pages"}],"about":[{"href":"https:\/\/accountric-ks.com\/sq\/wp-json\/wp\/v2\/types\/page"}],"author":[{"embeddable":true,"href":"https:\/\/accountric-ks.com\/sq\/wp-json\/wp\/v2\/users\/1"}],"replies":[{"embeddable":true,"href":"https:\/\/accountric-ks.com\/sq\/wp-json\/wp\/v2\/comments?post=31"}],"version-history":[{"count":0,"href":"https:\/\/accountric-ks.com\/sq\/wp-json\/wp\/v2\/pages\/31\/revisions"}],"wp:attachment":[{"href":"https:\/\/accountric-ks.com\/sq\/wp-json\/wp\/v2\/media?parent=31"}],"curies":[{"name":"wp","href":"https:\/\/api.w.org\/{rel}","templated":true}]}}