{"id":2172,"date":"2019-08-30T15:34:21","date_gmt":"2019-08-30T15:34:21","guid":{"rendered":"http:\/\/tf.themedraft.com\/wp\/xzopro\/?page_id=2172"},"modified":"2025-08-08T20:38:46","modified_gmt":"2025-08-08T20:38:46","slug":"home-3","status":"publish","type":"page","link":"https:\/\/accountric-ks.com\/sq\/","title":{"rendered":"Home &#8211; 3"},"content":{"rendered":"<div class=\"wpb-content-wrapper\"><div data-vc-full-width=\"true\" data-vc-full-width-init=\"false\" data-vc-stretch-content=\"true\" class=\"vc_row wpb_row vc_row-fluid vc_row-no-padding\"><div class=\"wpb_column vc_column_container vc_col-sm-12\"><div class=\"vc_column-inner\"><div class=\"wpb_wrapper\">\n\n\n        <script>\n\t        jQuery(window).load(function(){\n                var homeslider = jQuery(\"#slider-wrapper\");\n\n\t            homeslider.owlCarousel({\n\t                items: 1,\n\t                loop: true,\n\t                autoplay: true,\n\t                autoplayTimeout: 10000,\n\t                nav: true,\n\t                smartSpeed:1000,\n                            animateIn: \"fadeIn\",\n                            animateOut: \"fadeOut\",\n\t                dots: true,\n\t                mouseDrag: false,\n\t                navText: [\"<i class='fa fa-angle-left'><\/i>\", \"<i class='fa fa-angle-right'><\/i>\"],\n\t            });\n\t            homeslider.on(\"translate.owl.carousel\", function(){\n                    var layer = jQuery(\"[data-animation]\");\n                    layer.each(function() {\n                        var anim_name = jQuery(this).data(\"animation\");\n                        jQuery(this).removeClass(\"animated \" + anim_name).css(\"opacity\", \"0\");\n                    });\n                });\n\n                jQuery(\"[data-delay]\").each(function () {\n                    var anim_del = jQuery(this).data(\"delay\");\n                    jQuery(this).css(\"animation-delay\", anim_del);\n                });\n\n                jQuery(\"[data-duration]\").each(function () {\n                    var anim_dur = jQuery(this).data(\"duration\");\n                    jQuery(this).css(\"animation-duration\", anim_dur);\n                });\n\n                homeslider.on(\"translated.owl.carousel\", function () {\n                    var layer = homeslider.find(\".owl-item.active\").find(\"[data-animation]\");\n                    layer.each(function () {\n                        var anim_name = jQuery(this).data(\"animation\");\n                        jQuery(this).addClass(\"animated \" + anim_name).css(\"opacity\", \"1\");\n                    });\n                });            \n\t        })\n\t    <\/script>\n\t    \n        <div class=\"slider-main-wrapper\">\n            <div id=\"slider-wrapper\" class=\"slider-wrapper owl-carousel\">    \n            <\/div>\n        <\/div> <\/div><\/div><\/div><\/div><div class=\"vc_row-full-width vc_clearfix\"><\/div><div data-vc-full-width=\"true\" data-vc-full-width-init=\"false\" class=\"vc_row wpb_row vc_row-fluid vc_custom_1567294715849 vc_row-has-fill\"><div class=\"wpb_column vc_column_container vc_col-sm-12\"><div class=\"vc_column-inner\"><div class=\"wpb_wrapper\">\n        <div class=\"section-title-two-wrapper\" style=\"color: #696969\">\n            <div class=\"row text-center\">\n                <div class=\"col-xl-7 offset-xl-3 col-lg-8 offset-lg-2 col-md-10 offset-md-1\">  \n                    <h2 class=\"section-title\" style=\"color:#0a6db7\">Accountric Ofron<span class=\"span-block\" style=\"color:#0a6db7\">Sh\u00ebrbimet m\u00eb t\u00eb Mira<\/span><\/h2>\n                    <p>Accountric ofron nj\u00eb gam\u00eb t\u00eb plot\u00eb sh\u00ebrbimesh kontabiliteti, tatimore dhe konsulence financiare, t\u00eb dizajnuara p\u00ebr t\u2019u ndihmuar bizneseve t\u00eb \u00e7do madh\u00ebsie t\u00eb operojn\u00eb me efikasitet, t\u00eb q\u00ebndrojn\u00eb n\u00eb p\u00ebrputhje me ligjin dhe t\u00eb arrijn\u00eb rritje t\u00eb q\u00ebndrueshme.<\/p>\n\n                <\/div>\n            <\/div>   \n        <\/div>\n    <div class=\"vc_row wpb_row vc_inner vc_row-fluid\"><div class=\"wpb_column vc_column_container vc_col-sm-12\"><div class=\"vc_column-inner\"><div class=\"wpb_wrapper\">\n    \n    <div class=\"row\"> \n            <div class=\"col-lg-4 col-md-6\">\n                <div class=\"single-service-box2-wrapper\">\n                    <div class=\"service-box-number\">1<\/div>\n                    <div class=\"service-box-2-content\">\n                        <div class=\"service-box2-icon imgicon\">\n                                            <img decoding=\"async\" src=\"https:\/\/accountric-ks.com\/wp-content\/uploads\/2019\/08\/icon1.png\" alt=\"\">\n                                                        \n                        <\/div>\n                        \n                        <a href=\"https:\/\/accountric-ks.com\/sq\/services\/#business-registration\">\n                        \n                        <h3 class=\"box-title\">Regjistrimi i Biznesit<\/h3>\n                        <\/a>\n                        \n                        <div class=\"box-text\">\n                            <p>Sh\u00ebrbimet tona jan\u00eb t\u00eb p\u00ebrshtatura p\u00ebr t\u00eb gjitha llojet e bizneseve lokale, rajonale dhe nd\u00ebrkomb\u00ebtare q\u00eb jan\u00eb t\u00eb interesuara t\u00eb zhvillojn\u00eb aktivitet ekonomik n\u00eb Kosov\u00eb.<\/p>\n\n                        <\/div>\n                        \n                        <a class=\"service-read-more\" href=\"https:\/\/accountric-ks.com\/sq\/services\/#business-registration\">M\u00eb Shum\u00eb<\/a>\n                    <\/div>\n                <\/div>\n            <\/div>\n        \n            <div class=\"col-lg-4 col-md-6\">\n                <div class=\"single-service-box2-wrapper\">\n                    <div class=\"service-box-number\">2<\/div>\n                    <div class=\"service-box-2-content\">\n                        <div class=\"service-box2-icon imgicon\">\n                                            <img decoding=\"async\" src=\"https:\/\/accountric-ks.com\/wp-content\/uploads\/2025\/08\/closed.png\" alt=\"\">\n                                                        \n                        <\/div>\n                        \n                        <a href=\"https:\/\/accountric-ks.com\/sq\/services\/#business-closure\">\n                        \n                        <h3 class=\"box-title\">Auditim te\u00a0Kompanive<\/h3>\n                        <\/a>\n                        \n                        <div class=\"box-text\">\n                            <p>Ne ndihmojm\u00eb bizneset me procedurat e likuidimit vullnetar p\u00ebrmes Administrat\u00ebs Tatimore t\u00eb Kosov\u00ebs (ATK) dhe Agjencis\u00eb p\u00ebr Regjistrimin e Bizneseve t\u00eb Kosov\u00ebs.<\/p>\n\n                        <\/div>\n                        \n                        <a class=\"service-read-more\" href=\"https:\/\/accountric-ks.com\/sq\/services\/#business-closure\">M\u00eb Shum\u00eb<\/a>\n                    <\/div>\n                <\/div>\n            <\/div>\n        \n            <div class=\"col-lg-4 col-md-6\">\n                <div class=\"single-service-box2-wrapper\">\n                    <div class=\"service-box-number\">3<\/div>\n                    <div class=\"service-box-2-content\">\n                        <div class=\"service-box2-icon imgicon\">\n                                            <img decoding=\"async\" src=\"https:\/\/accountric-ks.com\/wp-content\/uploads\/2019\/08\/icon3.png\" alt=\"\">\n                                                        \n                        <\/div>\n                        \n                        <a href=\"https:\/\/accountric-ks.com\/sq\/services\/#accounting-services\">\n                        \n                        <h3 class=\"box-title\">Sh\u00ebrbime Kontabiliteti<\/h3>\n                        <\/a>\n                        \n                        <div class=\"box-text\">\n                            <p>Accountric ofron nj\u00eb gam\u00eb t\u00eb plot\u00eb sh\u00ebrbimesh kontabiliteti nga regjistrimi deri te p\u00ebrgatitja e pasqyrave financiare me standardet nd\u00ebrkomb\u00ebtare t\u00eb kontabilitetit. <\/p>\n\n                        <\/div>\n                        \n                        <a class=\"service-read-more\" href=\"https:\/\/accountric-ks.com\/sq\/services\/#accounting-services\">M\u00eb Shum\u00eb<\/a>\n                    <\/div>\n                <\/div>\n            <\/div>\n        \n            <div class=\"col-lg-4 col-md-6\">\n                <div class=\"single-service-box2-wrapper\">\n                    <div class=\"service-box-number\">4<\/div>\n                    <div class=\"service-box-2-content\">\n                        <div class=\"service-box2-icon imgicon\">\n                                            <img decoding=\"async\" src=\"https:\/\/accountric-ks.com\/wp-content\/uploads\/2019\/08\/icon4.png\" alt=\"\">\n                                                        \n                        <\/div>\n                        \n                        <a href=\"https:\/\/accountric-ks.com\/sq\/services\/#tax-declarations\">\n                        \n                        <h3 class=\"box-title\">Deklarata Tatimore<\/h3>\n                        <\/a>\n                        \n                        <div class=\"box-text\">\n                            <p>Ne llogarisim dhe p\u00ebrgatisim deklaratat tatimore p\u00ebr biznese t\u00eb vogla, t\u00eb mesme dhe t\u00eb m\u00ebdha, n\u00eb p\u00ebrputhje me legjislacionin aktual. <\/p>\n\n                        <\/div>\n                        \n                        <a class=\"service-read-more\" href=\"https:\/\/accountric-ks.com\/sq\/services\/#tax-declarations\">M\u00eb Shum\u00eb<\/a>\n                    <\/div>\n                <\/div>\n            <\/div>\n        \n            <div class=\"col-lg-4 col-md-6\">\n                <div class=\"single-service-box2-wrapper\">\n                    <div class=\"service-box-number\">5<\/div>\n                    <div class=\"service-box-2-content\">\n                        <div class=\"service-box2-icon imgicon\">\n                                            <img decoding=\"async\" src=\"https:\/\/accountric-ks.com\/wp-content\/uploads\/2019\/08\/icon5.png\" alt=\"\">\n                                                        \n                        <\/div>\n                        \n                        <a href=\"https:\/\/accountric-ks.com\/sq\/services\/#financial-consulting\">\n                        \n                        <h3 class=\"box-title\">Konsulenc\u00eb Financiare<\/h3>\n                        <\/a>\n                        \n                        <div class=\"box-text\">\n                            <p>N\u00eb Accountric, q\u00ebllimi yn\u00eb \u00ebsht\u00eb t\u00eb nd\u00ebrtojm\u00eb nj\u00eb struktur\u00eb dhe rrjedh\u00eb pune q\u00eb na lejon t\u00eb b\u00ebhemi pjes\u00eb integrale e klient\u00ebve tan\u00eb.<\/p>\n\n                        <\/div>\n                        \n                        <a class=\"service-read-more\" href=\"https:\/\/accountric-ks.com\/sq\/services\/#financial-consulting\">M\u00eb Shum\u00eb<\/a>\n                    <\/div>\n                <\/div>\n            <\/div>\n        \n            <div class=\"col-lg-4 col-md-6\">\n                <div class=\"single-service-box2-wrapper\">\n                    <div class=\"service-box-number\">6<\/div>\n                    <div class=\"service-box-2-content\">\n                        <div class=\"service-box2-icon imgicon\">\n                                            <img decoding=\"async\" src=\"https:\/\/accountric-ks.com\/wp-content\/uploads\/2025\/08\/e60b0ff8-e14a-4699-9857-a2bc9c48030e.png\" alt=\"\">\n                                                        \n                        <\/div>\n                        \n                        <a href=\"https:\/\/accountric-ks.com\/sq\/services\/#financial-analysis-and-reporting\">\n                        \n                        <h3 class=\"box-title\">Analiz\u00eb Financiare <\/h3>\n                        <\/a>\n                        \n                        <div class=\"box-text\">\n                            <p>Zyra jon\u00eb e mb\u00ebshtet biznesin tuaj duke p\u00ebrgatitur nj\u00eb gam\u00eb t\u00eb gjer\u00eb raportesh financiare ose duke ofruar sh\u00ebrbime t\u00eb plota t\u00eb kontabilitetit<\/p>\n\n                        <\/div>\n                        \n                        <a class=\"service-read-more\" href=\"https:\/\/accountric-ks.com\/sq\/services\/#financial-analysis-and-reporting\">M\u00eb Shum\u00eb<\/a>\n                    <\/div>\n                <\/div>\n            <\/div>\n        \n    <\/div>\n<\/div><\/div><\/div><\/div><\/div><\/div><\/div><\/div><div class=\"vc_row-full-width vc_clearfix\"><\/div>\n<\/div>","protected":false},"excerpt":{"rendered":"Accountric ProvidesBest Services Accountric provides a complete range of accounting, tax, and financial consulting services designed to help businesses of all sizes operate efficiently, stay compliant, and achieve sustainable growth. 1 Business Registration Our services are tailored to all types of local, regional, and international businesses interested in conducting economic activity in Kosovo. Read More [...]","protected":false},"author":1,"featured_media":0,"parent":0,"menu_order":0,"comment_status":"closed","ping_status":"closed","template":"","meta":{"footnotes":""},"class_list":["post-2172","page","type-page","status-publish","hentry"],"_links":{"self":[{"href":"https:\/\/accountric-ks.com\/sq\/wp-json\/wp\/v2\/pages\/2172","targetHints":{"allow":["GET"]}}],"collection":[{"href":"https:\/\/accountric-ks.com\/sq\/wp-json\/wp\/v2\/pages"}],"about":[{"href":"https:\/\/accountric-ks.com\/sq\/wp-json\/wp\/v2\/types\/page"}],"author":[{"embeddable":true,"href":"https:\/\/accountric-ks.com\/sq\/wp-json\/wp\/v2\/users\/1"}],"replies":[{"embeddable":true,"href":"https:\/\/accountric-ks.com\/sq\/wp-json\/wp\/v2\/comments?post=2172"}],"version-history":[{"count":0,"href":"https:\/\/accountric-ks.com\/sq\/wp-json\/wp\/v2\/pages\/2172\/revisions"}],"wp:attachment":[{"href":"https:\/\/accountric-ks.com\/sq\/wp-json\/wp\/v2\/media?parent=2172"}],"curies":[{"name":"wp","href":"https:\/\/api.w.org\/{rel}","templated":true}]}}