{"id":20,"date":"2018-07-08T03:13:48","date_gmt":"2018-07-08T03:13:48","guid":{"rendered":"http:\/\/tf.themedraft.com\/wp\/xzopro\/?page_id=20"},"modified":"2025-08-08T13:53:37","modified_gmt":"2025-08-08T13:53:37","slug":"contact","status":"publish","type":"page","link":"https:\/\/accountric-ks.com\/sq\/contact\/","title":{"rendered":"Kontakti"},"content":{"rendered":"<div class=\"wpb-content-wrapper\"><div class=\"vc_row wpb_row vc_row-fluid vc_custom_1529464820242\"><div class=\"wpb_column vc_column_container vc_col-sm-12\"><div class=\"vc_column-inner\"><div class=\"wpb_wrapper\">\n        <div class=\"section-title-wrapper\" style=\"color: #505050\">\n            <div class=\"row text-center\">\n                <div class=\"col-xl-6 offset-xl-3 col-lg-8 offset-lg-2 col-md-10 offset-md-1\">  \n                    <h2 class=\"section-title\" style=\"color:#0a6db7\">Na Kontaktoni<\/h2>\n                    <ul class=\"title-shape no-list-style text-center\">\n                        <li style=\"background: #0a6db7\"><\/li>\n                        <li style=\"background: #0a6db7\"><\/li>\n                        <li style=\"background: #0a6db7\"><\/li>\n                    <\/ul>\n                    <p>Jemi k\u00ebtu p\u00ebr t\u2019iu p\u00ebrgjigjur pyetjeve tuaja dhe p\u00ebr t\u2019ju ofruar mb\u00ebshtetjen q\u00eb ju nevojitet. Na kontaktoni sot p\u00ebr t\u00eb diskutuar se si mund ta ndihmojm\u00eb biznesin tuaj t\u00eb ket\u00eb sukses.<\/p>\n\n                <\/div>\n            <\/div>   \n        <\/div>\n    <div class=\"vc_row wpb_row vc_inner vc_row-fluid vc_custom_1530364944779\"><div class=\"wpb_column vc_column_container vc_col-sm-12\"><div class=\"vc_column-inner\"><div class=\"wpb_wrapper\">\n<div class=\"wpcf7 no-js\" id=\"wpcf7-f170-o1\" lang=\"en-US\" dir=\"ltr\" data-wpcf7-id=\"170\">\n<div class=\"screen-reader-response\"><p role=\"status\" aria-live=\"polite\" aria-atomic=\"true\"><\/p> <ul><\/ul><\/div>\n<form action=\"\/sq\/wp-json\/wp\/v2\/pages\/20#wpcf7-f170-o1\" method=\"post\" class=\"wpcf7-form init\" aria-label=\"Contact form\" novalidate=\"novalidate\" data-status=\"init\" data-trp-original-action=\"\/sq\/wp-json\/wp\/v2\/pages\/20#wpcf7-f170-o1\">\n<fieldset class=\"hidden-fields-container\"><input type=\"hidden\" name=\"_wpcf7\" value=\"170\" \/><input type=\"hidden\" name=\"_wpcf7_version\" value=\"6.1.1\" \/><input type=\"hidden\" name=\"_wpcf7_locale\" value=\"en_US\" \/><input type=\"hidden\" name=\"_wpcf7_unit_tag\" value=\"wpcf7-f170-o1\" \/><input type=\"hidden\" name=\"_wpcf7_container_post\" value=\"0\" \/><input type=\"hidden\" name=\"_wpcf7_posted_data_hash\" value=\"\" \/>\n<\/fieldset>\n<div class=\"xzopro-contact-form-1\">\n\t<div class=\"row\">\n\t\t<div class=\"col-lg-6\">\n\t\t\t<p><span class=\"wpcf7-form-control-wrap\" data-name=\"sendername\"><input size=\"40\" maxlength=\"400\" class=\"wpcf7-form-control wpcf7-text wpcf7-validates-as-required\" aria-required=\"true\" aria-invalid=\"false\" placeholder=\"Emri*\" value=\"\" type=\"text\" name=\"sendername\" \/><\/span>\n\t\t\t<\/p>\n\t\t<\/div>\n\t\t<div class=\"col-lg-6\">\n\t\t\t<p><span class=\"wpcf7-form-control-wrap\" data-name=\"senderemail\"><input size=\"40\" maxlength=\"400\" class=\"wpcf7-form-control wpcf7-email wpcf7-validates-as-required wpcf7-text wpcf7-validates-as-email\" aria-required=\"true\" aria-invalid=\"false\" placeholder=\"Email*\" value=\"\" type=\"email\" name=\"senderemail\" \/><\/span>\n\t\t\t<\/p>\n\t\t<\/div>\n\t\t<div class=\"col-lg-12\">\n\t\t\t<p><span class=\"wpcf7-form-control-wrap\" data-name=\"sendermobile\"><input size=\"40\" maxlength=\"400\" class=\"wpcf7-form-control wpcf7-text\" aria-invalid=\"false\" placeholder=\"Numri i Telefonit\" value=\"\" type=\"text\" name=\"sendermobile\" \/><\/span>\n\t\t\t<\/p>\n\t\t<\/div>\n\t\t<div class=\"col-lg-12\">\n\t\t\t<p><span class=\"wpcf7-form-control-wrap\" data-name=\"sendermessage\"><textarea cols=\"40\" rows=\"10\" maxlength=\"2000\" class=\"wpcf7-form-control wpcf7-textarea wpcf7-validates-as-required\" aria-required=\"true\" aria-invalid=\"false\" placeholder=\"Mesazhi*\" name=\"sendermessage\"><\/textarea><\/span>\n\t\t\t<\/p>\n\t\t<\/div>\n\t\t<div class=\"col-lg-12\">\n\t\t\t<p><input class=\"wpcf7-form-control wpcf7-submit has-spinner\" type=\"submit\" value=\"D\u00ebrgo Mesazh\" \/>\n\t\t\t<\/p>\n\t\t<\/div>\n\t<\/div>\n<\/div><p style=\"display: none !important;\" class=\"akismet-fields-container\" data-prefix=\"_wpcf7_ak_\"><label>&#916;<textarea name=\"_wpcf7_ak_hp_textarea\" cols=\"45\" rows=\"8\" maxlength=\"100\"><\/textarea><\/label><input type=\"hidden\" id=\"ak_js_1\" name=\"_wpcf7_ak_js\" value=\"226\"\/><script>document.getElementById( \"ak_js_1\" ).setAttribute( \"value\", ( new Date() ).getTime() );<\/script><\/p><div class=\"wpcf7-response-output\" aria-hidden=\"true\"><\/div>\n<input type=\"hidden\" name=\"trp-form-language\" value=\"sq\"\/><\/form>\n<\/div>\n<\/div><\/div><\/div><\/div><div class=\"vc_row wpb_row vc_inner vc_row-fluid vc_custom_1530364944779\"><div class=\"wpb_column vc_column_container vc_col-sm-4\"><div class=\"vc_column-inner\"><div class=\"wpb_wrapper\">\n        <div class=\"contact-info-box\" style=\"background-color: #000000\">\n            <div class=\"contact-info-content\" style=\"color: #FFFFFF\">\n                <ul class=\"no-list-style\"><li><i style=\"color: #1E73BE\" class=\"flaticon-xzopro-placeholder\"><\/i> <span  style=\"color: #1E73BE\">Accountric - Prishtine : <\/span><p>Bajram Kelmendi <br \/>10000 Pristina, Kosova<\/p>\n<\/li><li><i style=\"color: #1E73BE\" class=\"flaticon-xzopro-phone-call\"><\/i> <span  style=\"color: #1E73BE\">Telefoni : <\/span><p>+383 44 302 293<\/p>\n<\/li><li><i style=\"color: #1E73BE\" class=\"flaticon-xzopro-email\"><\/i> <span  style=\"color: #1E73BE\">e-maill adresa : <\/span><p>aconsultingshpk@gmail.com<\/p>\n<\/li><li><i style=\"color: #1E73BE\" class=\"flaticon-xzopro-clock-2\"><\/i> <span  style=\"color: #1E73BE\">Orari pun\u00ebs <\/span><p>H\u00ebn - Sht: 09:00 deri 17:00<\/p>\n<\/li>\n                <\/ul>\n            <\/div>\n        <\/div>\n    <\/div><\/div><\/div><div class=\"wpb_column vc_column_container vc_col-sm-4\"><div class=\"vc_column-inner\"><div class=\"wpb_wrapper\">\n        <div class=\"contact-info-box\" style=\"background-color: #000000\">\n            <div class=\"contact-info-content\" style=\"color: #FFFFFF\">\n                <ul class=\"no-list-style\"><li><i style=\"color: #1E73BE\" class=\"flaticon-xzopro-placeholder\"><\/i> <span  style=\"color: #1E73BE\">Accountric - Prizren : <\/span><p>Str. Asllan Fazliu No. 18 <br \/> Prizren Kosova<\/p>\n<\/li><li><i style=\"color: #1E73BE\" class=\"flaticon-xzopro-phone-call\"><\/i> <span  style=\"color: #1E73BE\">Telefoni : <\/span><p>+383 45 888 073<\/p>\n<\/li><li><i style=\"color: #1E73BE\" class=\"flaticon-xzopro-email\"><\/i> <span  style=\"color: #1E73BE\">e-maill adresa : <\/span><p>aconsultingshpk@gmail.com<\/p>\n<\/li><li><i style=\"color: #1E73BE\" class=\"flaticon-xzopro-clock-2\"><\/i> <span  style=\"color: #1E73BE\">Orari pun\u00ebs <\/span><p>H\u00ebn - Sht: 09:00 deri 17:00<\/p>\n<\/li>\n                <\/ul>\n            <\/div>\n        <\/div>\n    <\/div><\/div><\/div><div class=\"wpb_column vc_column_container vc_col-sm-4\"><div class=\"vc_column-inner\"><div class=\"wpb_wrapper\">\n        <div class=\"contact-info-box\" style=\"background-color: #000000\">\n            <div class=\"contact-info-content\" style=\"color: #FFFFFF\">\n                <ul class=\"no-list-style\"><li><i style=\"color: #1E73BE\" class=\"flaticon-xzopro-placeholder\"><\/i> <span  style=\"color: #1E73BE\">Accountric - Suhareke : <\/span><p>Str. Besim Ndrecaj <br \/> Shirok - Suharek<\/p>\n<\/li><li><i style=\"color: #1E73BE\" class=\"flaticon-xzopro-phone-call\"><\/i> <span  style=\"color: #1E73BE\">Telefoni : <\/span><p>+383 49 491 255<\/p>\n<\/li><li><i style=\"color: #1E73BE\" class=\"flaticon-xzopro-email\"><\/i> <span  style=\"color: #1E73BE\">e-maill adresa : <\/span><p>aconsultingshpk@gmail.com<\/p>\n<\/li><li><i style=\"color: #1E73BE\" class=\"flaticon-xzopro-clock-2\"><\/i> <span  style=\"color: #1E73BE\">Orari pun\u00ebs <\/span><p>H\u00ebn - Sht: 09:00 deri 17:00<\/p>\n<\/li>\n                <\/ul>\n            <\/div>\n        <\/div>\n    <\/div><\/div><\/div><\/div><\/div><\/div><\/div><\/div>\n<\/div>","protected":false},"excerpt":{"rendered":"Get In Touch We\u2019re here to answer your questions and provide the support you need. Contact us today to discuss how we can help your business succeed. &#916; Accountric - Prishtine : Bajram Kelmendi 10000 Pristina, Kosova Phone : +383 44 302 293 e-mail us : aconsultingshpk@gmail.com Working hours : Mon - Sat: 09.00am to [...]","protected":false},"author":1,"featured_media":0,"parent":0,"menu_order":0,"comment_status":"closed","ping_status":"closed","template":"","meta":{"footnotes":""},"class_list":["post-20","page","type-page","status-publish","hentry"],"_links":{"self":[{"href":"https:\/\/accountric-ks.com\/sq\/wp-json\/wp\/v2\/pages\/20","targetHints":{"allow":["GET"]}}],"collection":[{"href":"https:\/\/accountric-ks.com\/sq\/wp-json\/wp\/v2\/pages"}],"about":[{"href":"https:\/\/accountric-ks.com\/sq\/wp-json\/wp\/v2\/types\/page"}],"author":[{"embeddable":true,"href":"https:\/\/accountric-ks.com\/sq\/wp-json\/wp\/v2\/users\/1"}],"replies":[{"embeddable":true,"href":"https:\/\/accountric-ks.com\/sq\/wp-json\/wp\/v2\/comments?post=20"}],"version-history":[{"count":0,"href":"https:\/\/accountric-ks.com\/sq\/wp-json\/wp\/v2\/pages\/20\/revisions"}],"wp:attachment":[{"href":"https:\/\/accountric-ks.com\/sq\/wp-json\/wp\/v2\/media?parent=20"}],"curies":[{"name":"wp","href":"https:\/\/api.w.org\/{rel}","templated":true}]}}