{"id":164,"date":"2018-07-08T11:20:27","date_gmt":"2018-07-08T11:20:27","guid":{"rendered":"http:\/\/tf.themedraft.com\/wp\/xzopro\/?page_id=164"},"modified":"2025-08-08T20:37:56","modified_gmt":"2025-08-08T20:37:56","slug":"services","status":"publish","type":"page","link":"https:\/\/accountric-ks.com\/sq\/services\/","title":{"rendered":"Sh\u00ebrbime"},"content":{"rendered":"<div class=\"wpb-content-wrapper\"><div id=\"business-registration\" class=\"vc_row wpb_row vc_row-fluid\"><div class=\"wpb_column vc_column_container vc_col-sm-12\"><div class=\"vc_column-inner vc_custom_1754594937258\"><div class=\"wpb_wrapper\">\n    <div class=\"twial-wrap vc_custom_1754592580372\">\n        <div class=\"row\">\n            <div class=\"col-lg-6\">\n                <div class=\"twial-image-wrap\">\n                    <img decoding=\"async\" src=\"https:\/\/accountric-ks.com\/wp-content\/uploads\/2025\/08\/WhatsApp-Image-2025-07-29-at-18.39.46_3d674204-530x355.jpg\" alt=\"\">\n                <\/div>\n            <\/div>\n            <div class=\"col-lg-6\">\n                <div class=\"twial-text-wrap\">\n                    <h4>Regjistrim i Ri Biznesi<\/h4>\n                    <div class=\"twial-text\">   \n                        <\/p>\n<p data-start=\"221\" data-end=\"519\"><strong data-start=\"221\" data-end=\"270\">Accountric \u2013 Qendra e Kontabilitetit dhe Konsulenc\u00ebs<\/strong> ofron sh\u00ebrbime t\u00eb shpejta, t\u00eb sakta dhe profesionale p\u00ebr regjistrimin e bizneseve t\u00eb reja brenda tre dit\u00ebve pune. Sh\u00ebrbimet tona jan\u00eb t\u00eb p\u00ebrshtatura p\u00ebr t\u00eb gjitha llojet e bizneseve lokale, rajonale dhe nd\u00ebrkomb\u00ebtare q\u00eb jan\u00eb t\u00eb interesuara t\u00eb zhvillojn\u00eb aktivitet ekonomik n\u00eb Kosov\u00eb.<\/p>\n<p data-start=\"521\" data-end=\"658\">Pavar\u00ebsisht madh\u00ebsis\u00eb ose llojit t\u00eb biznesit q\u00eb planifikoni t\u00eb hapni, ne mund t\u2019ju ofrojm\u00eb udh\u00ebzime dhe mb\u00ebshtetje profesionale gjat\u00eb gjith\u00eb procesit t\u00eb regjistrimit.<\/p>\n<p data-start=\"660\" data-end=\"714\">Ne ndihmojm\u00eb n\u00eb regjistrimin e k\u00ebtyre llojeve t\u00eb bizneseve:<\/p>\n<p>\n                    <\/div>\n                <\/div>\n                \n                <div class=\"twial-list short-list no-list-style twial-list-184 list-icon-type-flaticon\">\n                    <ul><li><i class=\"flaticon-xzopro-arrows\"><\/i>Biznes Individual (B.I)<\/li><li><i class=\"flaticon-xzopro-arrows\"><\/i>Ortak\u00ebri e P\u00ebrgjithshme (O.P)<\/li><li><i class=\"flaticon-xzopro-arrows\"><\/i>Shoq\u00ebri me P\u00ebrgjegj\u00ebsi t\u00eb Kufizuar (SH.P.K \/ L.L.C)<\/li><li><i class=\"flaticon-xzopro-arrows\"><\/i>Shoq\u00ebri Aksionare (SH.A \/ J.S.C)<\/li><li><i class=\"flaticon-xzopro-arrows\"><\/i>Kompani e Huaj<\/li><li><i class=\"flaticon-xzopro-arrows\"><\/i>Nd\u00ebrmarrje Shoq\u00ebrore<\/li><li><i class=\"flaticon-xzopro-arrows\"><\/i>Nd\u00ebrmarrje Publike<\/li>\n                    <\/ul>\n                <\/div>\n            <\/div>\n        <\/div>\n    <\/div>\n    <\/div><\/div><\/div><\/div><div class=\"vc_row wpb_row vc_row-fluid\"><div class=\"wpb_animate_when_almost_visible wpb_appear appear wpb_column vc_column_container vc_col-sm-12\" id=\"business-closure\"><div class=\"vc_column-inner vc_custom_1754594745928\"><div class=\"wpb_wrapper\">\n        <div class=\"twbg-wrap vc_custom_1754685472016\" style=\"background-color: #0a6db7; color: #FFFFFF\">\n            <h4 style=\"color: #FFFFFF\">Auditim t\u00eb Kompanive<\/h4>\n            <\/p>\n<p data-start=\"950\" data-end=\"1114\">P\u00ebrve\u00e7 regjistrimit t\u00eb bizneseve t\u00eb reja, <strong data-start=\"992\" data-end=\"1006\">Accountric<\/strong> ofron gjithashtu mb\u00ebshtetje t\u00eb plot\u00eb p\u00ebr mbylljen e bizneseve ekzistuese q\u00eb operojn\u00eb n\u00eb \u00e7do sektor ekonomik n\u00eb Kosov\u00eb.<\/p>\n<p data-start=\"1116\" data-end=\"1328\">Ne ndihmojm\u00eb bizneset me procedurat e likuidimit vullnetar p\u00ebrmes <strong data-start=\"1187\" data-end=\"1225\">Administrata Tatimore e Kosov\u00ebs (ATK)<\/strong> dhe <strong data-start=\"1234\" data-end=\"1280\">Agjencia p\u00ebr Regjistrimin e Bizneseve t\u00eb Kosov\u00ebs (ARBK)<\/strong>duke siguruar p\u00ebrputhshm\u00ebri dhe nj\u00eb proces daljeje pa probleme.<\/p>\n<p>\n        <\/div>\n    <\/div><\/div><\/div><\/div><div class=\"vc_row wpb_row vc_row-fluid\"><div class=\"wpb_column vc_column_container vc_col-sm-12\" id=\"accounting-services\"><div class=\"vc_column-inner vc_custom_1754594947194\"><div class=\"wpb_wrapper\">\n    <div class=\"twial-wrap vc_custom_1754592814948\">\n        <div class=\"row\">\n            <div class=\"col-lg-6\">\n                <div class=\"twial-image-wrap\">\n                    <img decoding=\"async\" src=\"https:\/\/accountric-ks.com\/wp-content\/uploads\/2025\/08\/pexels-n-voitkevich-8927657-530x355.jpg\" alt=\"\">\n                <\/div>\n            <\/div>\n            <div class=\"col-lg-6\">\n                <div class=\"twial-text-wrap\">\n                    <h4>Sh\u00ebrbime Kontabiliteti<\/h4>\n                    <div class=\"twial-text\">   \n                        <\/p>\n<p data-start=\"221\" data-end=\"519\">P\u00ebr klient\u00ebt q\u00eb po hapin nj\u00eb biznes dhe kan\u00eb nevoj\u00eb p\u00ebr nj\u00eb kompani t\u00eb specializuar p\u00ebr t\u00eb menaxhuar librat e tyre financiar\u00eb, <strong data-start=\"239\" data-end=\"253\">Accountric<\/strong> ofron nj\u00eb gam\u00eb t\u00eb plot\u00eb sh\u00ebrbimesh kontabiliteti \u2014 nga regjistrimi fillestar i t\u00eb dh\u00ebnave deri te p\u00ebrgatitja e pasqyrave financiare n\u00eb p\u00ebrputhje me standardet nd\u00ebrkomb\u00ebtare t\u00eb kontabilitetit dhe raportimit financiar.<\/p>\n<p>\n                    <\/div>\n                <\/div>\n                \n                <div class=\"twial-list short-list no-list-style twial-list-834 list-icon-type-flaticon\">\n                    <ul><li><i class=\"flaticon-xzopro-arrows\"><\/i>Kontabilitet<\/li><li><i class=\"flaticon-xzopro-arrows\"><\/i>Kontabilitet Financiar<\/li><li><i class=\"flaticon-xzopro-arrows\"><\/i>Kontabilitet i Inventarit\/Materialeve<\/li><li><i class=\"flaticon-xzopro-arrows\"><\/i>Llogaritja e Pagave<\/li><li><i class=\"flaticon-xzopro-arrows\"><\/i>P\u00ebrgatitja e Pasqyrave Financiare<\/li>\n                    <\/ul>\n                <\/div>\n            <\/div>\n        <\/div>\n    <\/div>\n    <\/div><\/div><\/div><\/div><div class=\"vc_row wpb_row vc_row-fluid\"><div class=\"wpb_column vc_column_container vc_col-sm-12\" id=\"tax-declarations\"><div class=\"vc_column-inner vc_custom_1754594953307\"><div class=\"wpb_wrapper\">\n    <div class=\"twial-wrap vc_custom_1754594437259\">\n        <div class=\"row\">\n            <div class=\"col-lg-6\">\n                <div class=\"twial-image-wrap\">\n                    <img decoding=\"async\" src=\"https:\/\/accountric-ks.com\/wp-content\/uploads\/2025\/08\/WhatsApp-Image-2025-07-29-at-18.40.13_b3dad735-530x355.jpg\" alt=\"\">\n                <\/div>\n            <\/div>\n            <div class=\"col-lg-6\">\n                <div class=\"twial-text-wrap\">\n                    <h4>Deklarata Tatimore<\/h4>\n                    <div class=\"twial-text\">   \n                        <\/p>\n<p data-start=\"147\" data-end=\"239\">Si pjes\u00eb e sh\u00ebrbimeve tona t\u00eb kontabilitetit, <strong data-start=\"183\" data-end=\"197\">Accountric<\/strong> i jep p\u00ebrpar\u00ebsi t\u00eb lart\u00eb deklaratave tatimore.<\/p>\n<p data-start=\"241\" data-end=\"412\">Ne llogarisim dhe p\u00ebrgatisim deklaratat tatimore p\u00ebr biznese t\u00eb vogla, t\u00eb mesme dhe t\u00eb m\u00ebdha, n\u00eb p\u00ebrputhje me legjislacionin aktual dhe procedurat e Administrat\u00ebs Tatimore t\u00eb Kosov\u00ebs.<\/p>\n<p data-start=\"414\" data-end=\"439\">Sh\u00ebrbimet tona tatimore p\u00ebrfshijn\u00eb:<\/p>\n<p>\n                    <\/div>\n                <\/div>\n                \n                <div class=\"twial-list short-list no-list-style twial-list-556 list-icon-type-flaticon\">\n                    <ul><li><i class=\"flaticon-xzopro-arrows\"><\/i>Tatimi mbi Vler\u00ebn e Shtuar (TVSH) p\u00ebr furnizimet vendore<\/li><li><i class=\"flaticon-xzopro-arrows\"><\/i>Tatimi mbi t\u00eb Ardhurat Personale<\/li><li><i class=\"flaticon-xzopro-arrows\"><\/i>Tatimi mbi t\u00eb Ardhurat e Korporatave<\/li><li><i class=\"flaticon-xzopro-arrows\"><\/i>Tatime n\u00eb Burim<\/li><li><i class=\"flaticon-xzopro-arrows\"><\/i>Kontributet Pensionale<\/li>\n                    <\/ul>\n                <\/div>\n            <\/div>\n        <\/div>\n    <\/div>\n    <\/div><\/div><\/div><\/div><div class=\"vc_row wpb_row vc_row-fluid\"><div class=\"wpb_column vc_column_container vc_col-sm-12\" id=\"financial-consulting\"><div class=\"vc_column-inner vc_custom_1754595429406\"><div class=\"wpb_wrapper\">\n    <div class=\"twial-wrap vc_custom_1754595270510\">\n        <div class=\"row\">\n            <div class=\"col-lg-6\">\n                <div class=\"twial-image-wrap\">\n                    <img decoding=\"async\" src=\"https:\/\/accountric-ks.com\/wp-content\/uploads\/2025\/08\/WhatsApp-Image-2025-07-29-at-18.40.13_149a587d-530x355.jpg\" alt=\"\">\n                <\/div>\n            <\/div>\n            <div class=\"col-lg-6\">\n                <div class=\"twial-text-wrap\">\n                    <h4>Konsulenc\u00eb Financiare<\/h4>\n                    <div class=\"twial-text\">   \n                        <\/p>\n<p data-start=\"147\" data-end=\"513\">Ne besojm\u00eb se bizneset, p\u00ebrve\u00e7 sh\u00ebrbimeve rutin\u00eb t\u00eb kontabilitetit dhe tatimeve, jan\u00eb gjithashtu t\u00eb interesuara p\u00ebr sh\u00ebrbime q\u00eb mund t\u00eb ndihmojn\u00eb n\u00eb rritjen e t\u00eb ardhurave dhe fitueshm\u00ebris\u00eb s\u00eb tyre. N\u00eb <strong data-start=\"318\" data-end=\"332\">Accountric<\/strong>, q\u00ebllimi yn\u00eb \u00ebsht\u00eb t\u00eb nd\u00ebrtojm\u00eb nj\u00eb struktur\u00eb dhe rrjedh\u00eb pune q\u00eb na lejon t\u00eb b\u00ebhemi pjes\u00eb integrale e menaxhimit financiar t\u00eb klient\u00ebve tan\u00eb, duke ofruar raporte t\u00eb ndryshme financiare dhe menaxheriale.<\/p>\n<p data-start=\"515\" data-end=\"557\">Sh\u00ebrbimet tona t\u00eb konsulenc\u00ebs financiare p\u00ebrfshijn\u00eb:<\/p>\n<p>\n                    <\/div>\n                <\/div>\n                \n                <div class=\"twial-list short-list no-list-style twial-list-305 list-icon-type-flaticon\">\n                    <ul><li><i class=\"flaticon-xzopro-arrows\"><\/i>K\u00ebshillim mbi legjislacionin tatimor<\/li><li><i class=\"flaticon-xzopro-arrows\"><\/i>Konsulenc\u00eb Fiskale<\/li><li><i class=\"flaticon-xzopro-arrows\"><\/i>Analiz\u00eb Financiare<\/li><li><i class=\"flaticon-xzopro-arrows\"><\/i>Nd\u00ebrmjet\u00ebsim n\u00eb p\u00ebrzgjedhjen e burimeve njer\u00ebzore<\/li><li><i class=\"flaticon-xzopro-arrows\"><\/i>Udh\u00ebzim gjat\u00eb krijimit t\u00eb organizat\u00ebs<\/li><li><i class=\"flaticon-xzopro-arrows\"><\/i>K\u00ebshillim p\u00ebr investime<\/li><li><i class=\"flaticon-xzopro-arrows\"><\/i>Konsulenc\u00eb dhe mb\u00ebshtetje gjat\u00eb kontrolleve tatimore nga autoritetet<\/li><li><i class=\"flaticon-xzopro-arrows\"><\/i>Rishikim dhe certifikim i pasqyrave financiare nga nj\u00eb kontabilist i licencuar<\/li>\n                    <\/ul>\n                <\/div>\n            <\/div>\n        <\/div>\n    <\/div>\n    <\/div><\/div><\/div><\/div><div class=\"vc_row wpb_row vc_row-fluid\"><div class=\"wpb_column vc_column_container vc_col-sm-12\" id=\"financial-analysis-and-reporting\"><div class=\"vc_column-inner vc_custom_1754598397885\"><div class=\"wpb_wrapper\">\n    <div class=\"twial-wrap vc_custom_1754599141765\">\n        <div class=\"row\">\n            <div class=\"col-lg-6\">\n                <div class=\"twial-image-wrap\">\n                    <img decoding=\"async\" src=\"https:\/\/accountric-ks.com\/wp-content\/uploads\/2025\/08\/WhatsApp-Image-2025-07-29-at-18.40.14_59f538e5-530x355.jpg\" alt=\"\">\n                <\/div>\n            <\/div>\n            <div class=\"col-lg-6\">\n                <div class=\"twial-text-wrap\">\n                    <h4>Analiz\u00eb dhe Raportim Financiar<\/h4>\n                    <div class=\"twial-text\">   \n                        <\/p>\n<p data-start=\"164\" data-end=\"347\">Zyra jon\u00eb e mb\u00ebshtet biznesin tuaj duke p\u00ebrgatitur nj\u00eb gam\u00eb t\u00eb gjer\u00eb raportesh financiare ose duke ofruar sh\u00ebrbime t\u00eb plota t\u00eb kontabilitetit \u2014 duke ju mund\u00ebsuar t\u00eb fokusoheni n\u00eb menaxhimin dhe rritjen e biznesit tuaj.<\/p>\n<p data-start=\"349\" data-end=\"358\">Ne ofrojm\u00eb:<\/p>\n<p>\n                    <\/div>\n                <\/div>\n                \n                <div class=\"twial-list short-list no-list-style twial-list-307 list-icon-type-flaticon\">\n                    <ul><li><i class=\"flaticon-xzopro-arrows\"><\/i>Analiz\u00eb krahasuese e pasqyrave t\u00eb fitimit dhe humbjes<\/li><li><i class=\"flaticon-xzopro-arrows\"><\/i>Analiz\u00eb e raporteve financiare<\/li><li><i class=\"flaticon-xzopro-arrows\"><\/i>Krahasime mujore ose vjetore dhe gjenerim i raporteve statistikore<\/li><li><i class=\"flaticon-xzopro-arrows\"><\/i>Raporte t\u00eb inventarit\/materialeve<\/li><li><i class=\"flaticon-xzopro-arrows\"><\/i>Pasqyra e t\u00eb ardhurave<\/li><li><i class=\"flaticon-xzopro-arrows\"><\/i>Bilanci i gjendjes<\/li><li><i class=\"flaticon-xzopro-arrows\"><\/i>Pasqyra e rrjedh\u00ebs s\u00eb paras\u00eb<\/li><li><i class=\"flaticon-xzopro-arrows\"><\/i>Pasqyra e ndryshimeve n\u00eb kapitalin vetjak<\/li><li><i class=\"flaticon-xzopro-arrows\"><\/i>Raporte t\u00eb gjendjes s\u00eb stokut<\/li><li><i class=\"flaticon-xzopro-arrows\"><\/i>Librat kryesor\u00eb t\u00eb llogarive financiare<\/li>\n                    <\/ul>\n                <\/div>\n            <\/div>\n        <\/div>\n    <\/div>\n    <\/div><\/div><\/div><\/div>\n<\/div>","protected":false},"excerpt":{"rendered":"New Business Registration Accountric \u2013 Accounting and Consulting Center offers fast, accurate, and professional services for registering new businesses within three working days. Our services are tailored to all types of local, regional, and international businesses interested in conducting economic activity in Kosovo. No matter the size or type of business you plan to start, [...]","protected":false},"author":1,"featured_media":0,"parent":0,"menu_order":0,"comment_status":"closed","ping_status":"closed","template":"","meta":{"footnotes":""},"class_list":["post-164","page","type-page","status-publish","hentry"],"_links":{"self":[{"href":"https:\/\/accountric-ks.com\/sq\/wp-json\/wp\/v2\/pages\/164","targetHints":{"allow":["GET"]}}],"collection":[{"href":"https:\/\/accountric-ks.com\/sq\/wp-json\/wp\/v2\/pages"}],"about":[{"href":"https:\/\/accountric-ks.com\/sq\/wp-json\/wp\/v2\/types\/page"}],"author":[{"embeddable":true,"href":"https:\/\/accountric-ks.com\/sq\/wp-json\/wp\/v2\/users\/1"}],"replies":[{"embeddable":true,"href":"https:\/\/accountric-ks.com\/sq\/wp-json\/wp\/v2\/comments?post=164"}],"version-history":[{"count":0,"href":"https:\/\/accountric-ks.com\/sq\/wp-json\/wp\/v2\/pages\/164\/revisions"}],"wp:attachment":[{"href":"https:\/\/accountric-ks.com\/sq\/wp-json\/wp\/v2\/media?parent=164"}],"curies":[{"name":"wp","href":"https:\/\/api.w.org\/{rel}","templated":true}]}}